{"id":146,"date":"2024-04-25T17:39:27","date_gmt":"2024-04-25T15:39:27","guid":{"rendered":"https:\/\/aqwiring.pl\/?page_id=146"},"modified":"2024-07-03T17:07:25","modified_gmt":"2024-07-03T15:07:25","slug":"rodo","status":"publish","type":"page","link":"https:\/\/aqwiring.pl\/de\/rodo\/","title":{"rendered":"RODO"},"content":{"rendered":"<div data-elementor-type=\"wp-page\" data-elementor-id=\"146\" class=\"elementor elementor-146\" data-elementor-post-type=\"page\">\n\t\t\t\t<div class=\"elementor-element elementor-element-3d2edb8 e-flex e-con-boxed e-con e-parent\" data-id=\"3d2edb8\" data-element_type=\"container\" data-settings=\"{&quot;background_background&quot;:&quot;classic&quot;}\">\n\t\t\t\t\t<div class=\"e-con-inner\">\n\t\t<div class=\"elementor-element elementor-element-7cc15be e-flex e-con-boxed e-con e-child\" data-id=\"7cc15be\" data-element_type=\"container\">\n\t\t\t\t\t<div class=\"e-con-inner\">\n\t\t\t\t<div class=\"elementor-element elementor-element-0aa0a9e elementor-widget elementor-widget-heading\" data-id=\"0aa0a9e\" data-element_type=\"widget\" data-widget_type=\"heading.default\">\n\t\t\t\t<div class=\"elementor-widget-container\">\n\t\t\t<style>\/*! elementor - v3.23.0 - 05-08-2024 *\/\n.elementor-heading-title{padding:0;margin:0;line-height:1}.elementor-widget-heading .elementor-heading-title[class*=elementor-size-]>a{color:inherit;font-size:inherit;line-height:inherit}.elementor-widget-heading .elementor-heading-title.elementor-size-small{font-size:15px}.elementor-widget-heading .elementor-heading-title.elementor-size-medium{font-size:19px}.elementor-widget-heading .elementor-heading-title.elementor-size-large{font-size:29px}.elementor-widget-heading .elementor-heading-title.elementor-size-xl{font-size:39px}.elementor-widget-heading .elementor-heading-title.elementor-size-xxl{font-size:59px}<\/style><h1 class=\"elementor-heading-title elementor-size-default\">RODO<\/h1>\t\t<\/div>\n\t\t\t\t<\/div>\n\t\t\t\t<div class=\"elementor-element elementor-element-07cc97f elementor-icon-list--layout-inline elementor-list-item-link-inline elementor-align-center elementor-widget elementor-widget-icon-list\" data-id=\"07cc97f\" data-element_type=\"widget\" data-widget_type=\"icon-list.default\">\n\t\t\t\t<div class=\"elementor-widget-container\">\n\t\t\t<link rel=\"stylesheet\" href=\"https:\/\/aqwiring.pl\/wp-content\/plugins\/elementor\/assets\/css\/widget-icon-list.min.css\">\t\t<ul class=\"elementor-icon-list-items elementor-inline-items\">\n\t\t\t\t\t\t\t<li class=\"elementor-icon-list-item elementor-inline-item\">\n\t\t\t\t\t\t\t\t\t\t\t<a href=\"https:\/\/aqwiring.pl\/de\" title=\"Powr\u00f3t do strony g\u0142\u00f3wnej AQ Wiring System STG\">\n\n\t\t\t\t\t\t\t\t\t\t\t<span class=\"elementor-icon-list-text\">Strona G\u0142\u00f3wna<\/span>\n\t\t\t\t\t\t\t\t\t\t\t<\/a>\n\t\t\t\t\t\t\t\t\t<\/li>\n\t\t\t\t\t\t\t\t<li class=\"elementor-icon-list-item elementor-inline-item\">\n\t\t\t\t\t\t\t\t\t\t\t<span class=\"elementor-icon-list-icon\">\n\t\t\t\t\t\t\t<svg aria-hidden=\"true\" class=\"e-font-icon-svg e-fas-chevron-right\" viewbox=\"0 0 320 512\" xmlns=\"http:\/\/www.w3.org\/2000\/svg\"><path d=\"M285.476 272.971L91.132 467.314c-9.373 9.373-24.569 9.373-33.941 0l-22.667-22.667c-9.357-9.357-9.375-24.522-.04-33.901L188.505 256 34.484 101.255c-9.335-9.379-9.317-24.544.04-33.901l22.667-22.667c9.373-9.373 24.569-9.373 33.941 0L285.475 239.03c9.373 9.372 9.373 24.568.001 33.941z\"><\/path><\/svg>\t\t\t\t\t\t<\/span>\n\t\t\t\t\t\t\t\t\t\t<span class=\"elementor-icon-list-text\">RODO<\/span>\n\t\t\t\t\t\t\t\t\t<\/li>\n\t\t\t\t\t\t<\/ul>\n\t\t\t\t<\/div>\n\t\t\t\t<\/div>\n\t\t\t\t\t<\/div>\n\t\t\t\t<\/div>\n\t\t\t\t\t<\/div>\n\t\t\t\t<\/div>\n\t\t<div class=\"elementor-element elementor-element-d83606c e-flex e-con-boxed e-con e-parent\" data-id=\"d83606c\" data-element_type=\"container\" id=\"o-firmie\">\n\t\t\t\t\t<div class=\"e-con-inner\">\n\t\t\t\t<div class=\"elementor-element elementor-element-9246460 elementor-widget elementor-widget-heading\" data-id=\"9246460\" data-element_type=\"widget\" data-widget_type=\"heading.default\">\n\t\t\t\t<div class=\"elementor-widget-container\">\n\t\t\t<h2 class=\"elementor-heading-title elementor-size-default\">RODO i dokumenty<\/h2>\t\t<\/div>\n\t\t\t\t<\/div>\n\t\t\t\t<div class=\"elementor-element elementor-element-2a13c24 elementor-list-item-link-inline elementor-icon-list--layout-traditional elementor-widget elementor-widget-icon-list\" data-id=\"2a13c24\" data-element_type=\"widget\" data-widget_type=\"icon-list.default\">\n\t\t\t\t<div class=\"elementor-widget-container\">\n\t\t\t\t\t<ul class=\"elementor-icon-list-items\">\n\t\t\t\t\t\t\t<li class=\"elementor-icon-list-item\">\n\t\t\t\t\t\t\t\t\t\t\t<a href=\"https:\/\/aqwiring.pl\/de\/polityka-prywatnosci\/\" target=\"_blank\" title=\"Polityka prywatno\u015bci AQ Wiring Systems STG\">\n\n\t\t\t\t\t\t\t\t\t\t\t\t<span class=\"elementor-icon-list-icon\">\n\t\t\t\t\t\t\t<svg aria-hidden=\"true\" class=\"e-font-icon-svg e-fab-dochub\" viewbox=\"0 0 416 512\" xmlns=\"http:\/\/www.w3.org\/2000\/svg\"><path d=\"M397.9 160H256V19.6L397.9 160zM304 192v130c0 66.8-36.5 100.1-113.3 100.1H96V84.8h94.7c12 0 23.1.8 33.1 2.5v-84C212.9 1.1 201.4 0 189.2 0H0v512h189.2C329.7 512 400 447.4 400 318.1V192h-96z\"><\/path><\/svg>\t\t\t\t\t\t<\/span>\n\t\t\t\t\t\t\t\t\t\t<span class=\"elementor-icon-list-text\">Polityka prywatno\u015bci<\/span>\n\t\t\t\t\t\t\t\t\t\t\t<\/a>\n\t\t\t\t\t\t\t\t\t<\/li>\n\t\t\t\t\t\t\t\t<li class=\"elementor-icon-list-item\">\n\t\t\t\t\t\t\t\t\t\t\t<a href=\"https:\/\/aqwiring.pl\/de\/komunikat-dla-klientow-i-kontrahentow\/\" target=\"_blank\" title=\"Komunikat dla klient\u00f3w i kontrahent\u00f3w\">\n\n\t\t\t\t\t\t\t\t\t\t\t\t<span class=\"elementor-icon-list-icon\">\n\t\t\t\t\t\t\t<svg aria-hidden=\"true\" class=\"e-font-icon-svg e-fab-dochub\" viewbox=\"0 0 416 512\" xmlns=\"http:\/\/www.w3.org\/2000\/svg\"><path d=\"M397.9 160H256V19.6L397.9 160zM304 192v130c0 66.8-36.5 100.1-113.3 100.1H96V84.8h94.7c12 0 23.1.8 33.1 2.5v-84C212.9 1.1 201.4 0 189.2 0H0v512h189.2C329.7 512 400 447.4 400 318.1V192h-96z\"><\/path><\/svg>\t\t\t\t\t\t<\/span>\n\t\t\t\t\t\t\t\t\t\t<span class=\"elementor-icon-list-text\">Komunikat dla klient\u00f3w i kontrahent\u00f3w<\/span>\n\t\t\t\t\t\t\t\t\t\t\t<\/a>\n\t\t\t\t\t\t\t\t\t<\/li>\n\t\t\t\t\t\t\t\t<li class=\"elementor-icon-list-item\">\n\t\t\t\t\t\t\t\t\t\t\t<a href=\"https:\/\/aqwiring.pl\/de\/informacja-o-przetwarzaniu-danych-osob-upowaznionych-do-reprezentacji-spolek\/\" target=\"_blank\" title=\"Informacja o przetwarzaniu danych os\u00f3b upowa\u017cnionych do reprezentacji sp\u00f3\u0142ek i instytucji\">\n\n\t\t\t\t\t\t\t\t\t\t\t\t<span class=\"elementor-icon-list-icon\">\n\t\t\t\t\t\t\t<svg aria-hidden=\"true\" class=\"e-font-icon-svg e-fab-dochub\" viewbox=\"0 0 416 512\" xmlns=\"http:\/\/www.w3.org\/2000\/svg\"><path d=\"M397.9 160H256V19.6L397.9 160zM304 192v130c0 66.8-36.5 100.1-113.3 100.1H96V84.8h94.7c12 0 23.1.8 33.1 2.5v-84C212.9 1.1 201.4 0 189.2 0H0v512h189.2C329.7 512 400 447.4 400 318.1V192h-96z\"><\/path><\/svg>\t\t\t\t\t\t<\/span>\n\t\t\t\t\t\t\t\t\t\t<span class=\"elementor-icon-list-text\">Informacja o przetwarzaniu danych os\u00f3b upowa\u017cnionych do reprezentacji sp\u00f3\u0142ek i instytucji<\/span>\n\t\t\t\t\t\t\t\t\t\t\t<\/a>\n\t\t\t\t\t\t\t\t\t<\/li>\n\t\t\t\t\t\t\t\t<li class=\"elementor-icon-list-item\">\n\t\t\t\t\t\t\t\t\t\t\t<a href=\"https:\/\/aqwiring.pl\/de\/klauzula-dla-pracownikow-dostawcy\/\" target=\"_blank\" title=\"Klauzula dla pracownik\u00f3w dostawcy\">\n\n\t\t\t\t\t\t\t\t\t\t\t\t<span class=\"elementor-icon-list-icon\">\n\t\t\t\t\t\t\t<svg aria-hidden=\"true\" class=\"e-font-icon-svg e-fab-dochub\" viewbox=\"0 0 416 512\" xmlns=\"http:\/\/www.w3.org\/2000\/svg\"><path d=\"M397.9 160H256V19.6L397.9 160zM304 192v130c0 66.8-36.5 100.1-113.3 100.1H96V84.8h94.7c12 0 23.1.8 33.1 2.5v-84C212.9 1.1 201.4 0 189.2 0H0v512h189.2C329.7 512 400 447.4 400 318.1V192h-96z\"><\/path><\/svg>\t\t\t\t\t\t<\/span>\n\t\t\t\t\t\t\t\t\t\t<span class=\"elementor-icon-list-text\">Klauzula dla pracownik\u00f3w dostawcy<\/span>\n\t\t\t\t\t\t\t\t\t\t\t<\/a>\n\t\t\t\t\t\t\t\t\t<\/li>\n\t\t\t\t\t\t\t\t<li class=\"elementor-icon-list-item\">\n\t\t\t\t\t\t\t\t\t\t\t<a href=\"https:\/\/aqwiring.pl\/de\/informacja-dotyczaca-monitoringu-wizyjnego\/\" target=\"_blank\" title=\"Informacja dotycz\u0105ca monitoringu wizyjnego\">\n\n\t\t\t\t\t\t\t\t\t\t\t\t<span class=\"elementor-icon-list-icon\">\n\t\t\t\t\t\t\t<svg aria-hidden=\"true\" class=\"e-font-icon-svg e-fab-dochub\" viewbox=\"0 0 416 512\" xmlns=\"http:\/\/www.w3.org\/2000\/svg\"><path d=\"M397.9 160H256V19.6L397.9 160zM304 192v130c0 66.8-36.5 100.1-113.3 100.1H96V84.8h94.7c12 0 23.1.8 33.1 2.5v-84C212.9 1.1 201.4 0 189.2 0H0v512h189.2C329.7 512 400 447.4 400 318.1V192h-96z\"><\/path><\/svg>\t\t\t\t\t\t<\/span>\n\t\t\t\t\t\t\t\t\t\t<span class=\"elementor-icon-list-text\">Informacja dotycz\u0105ca monitoringu wizyjnego<\/span>\n\t\t\t\t\t\t\t\t\t\t\t<\/a>\n\t\t\t\t\t\t\t\t\t<\/li>\n\t\t\t\t\t\t\t\t<li class=\"elementor-icon-list-item\">\n\t\t\t\t\t\t\t\t\t\t\t<a href=\"https:\/\/aqwiring.pl\/de\/informacja-o-wyznaczeniu-inspektora-ochrony-danych-aq\/\" target=\"_blank\" title=\"Informacja o wyznaczeniu inspektora ochrony danych AQ\">\n\n\t\t\t\t\t\t\t\t\t\t\t\t<span class=\"elementor-icon-list-icon\">\n\t\t\t\t\t\t\t<svg aria-hidden=\"true\" class=\"e-font-icon-svg e-fab-dochub\" viewbox=\"0 0 416 512\" xmlns=\"http:\/\/www.w3.org\/2000\/svg\"><path d=\"M397.9 160H256V19.6L397.9 160zM304 192v130c0 66.8-36.5 100.1-113.3 100.1H96V84.8h94.7c12 0 23.1.8 33.1 2.5v-84C212.9 1.1 201.4 0 189.2 0H0v512h189.2C329.7 512 400 447.4 400 318.1V192h-96z\"><\/path><\/svg>\t\t\t\t\t\t<\/span>\n\t\t\t\t\t\t\t\t\t\t<span class=\"elementor-icon-list-text\">Informacja o wyznaczeniu inspektora ochrony danych AQ<\/span>\n\t\t\t\t\t\t\t\t\t\t\t<\/a>\n\t\t\t\t\t\t\t\t\t<\/li>\n\t\t\t\t\t\t\t\t<li class=\"elementor-icon-list-item\">\n\t\t\t\t\t\t\t\t\t\t\t<a href=\"https:\/\/aqwiring.pl\/de\/rekrutacja-cv\/\" target=\"_blank\" title=\"Rekrutacja CV\">\n\n\t\t\t\t\t\t\t\t\t\t\t\t<span class=\"elementor-icon-list-icon\">\n\t\t\t\t\t\t\t<svg aria-hidden=\"true\" class=\"e-font-icon-svg e-fab-dochub\" viewbox=\"0 0 416 512\" xmlns=\"http:\/\/www.w3.org\/2000\/svg\"><path d=\"M397.9 160H256V19.6L397.9 160zM304 192v130c0 66.8-36.5 100.1-113.3 100.1H96V84.8h94.7c12 0 23.1.8 33.1 2.5v-84C212.9 1.1 201.4 0 189.2 0H0v512h189.2C329.7 512 400 447.4 400 318.1V192h-96z\"><\/path><\/svg>\t\t\t\t\t\t<\/span>\n\t\t\t\t\t\t\t\t\t\t<span class=\"elementor-icon-list-text\">Rekrutacja CV<\/span>\n\t\t\t\t\t\t\t\t\t\t\t<\/a>\n\t\t\t\t\t\t\t\t\t<\/li>\n\t\t\t\t\t\t<\/ul>\n\t\t\t\t<\/div>\n\t\t\t\t<\/div>\n\t\t\t\t\t<\/div>\n\t\t\t\t<\/div>\n\t\t\t\t<\/div>","protected":false},"excerpt":{"rendered":"<p>RODO Strona G\u0142\u00f3wna RODO i dokumenty Polityka prywatno\u015bci Komunikat dla klient\u00f3w i kontrahent\u00f3w Informacja o przetwarzaniu danych os\u00f3b upowa\u017cnionych do reprezentacji sp\u00f3\u0142ek i instytucji Klauzula dla pracownik\u00f3w dostawcy Informacja dotycz\u0105ca monitoringu wizyjnego Informacja o wyznaczeniu inspektora ochrony danych AQ Rekrutacja CV<\/p>","protected":false},"author":1,"featured_media":51,"parent":0,"menu_order":0,"comment_status":"closed","ping_status":"closed","template":"","meta":{"footnotes":""},"class_list":["post-146","page","type-page","status-publish","has-post-thumbnail","hentry"],"yoast_head":"<!-- This site is optimized with the Yoast SEO plugin v23.3 - https:\/\/yoast.com\/wordpress\/plugins\/seo\/ -->\n<title>RODO | AQ Wiring Systems STG<\/title>\n<meta name=\"description\" content=\"RODO i dokumenty AQ Wiring Systems STG Sp. z. o. o. Sprawd\u017a nasz\u0105 polityk\u0119 prywatno\u015bci, komunikaty dla Klient\u00f3w i kontrahent\u00f3w, informacja...\" \/>\n<meta name=\"robots\" content=\"index, follow, max-snippet:-1, max-image-preview:large, max-video-preview:-1\" \/>\n<link rel=\"canonical\" href=\"https:\/\/aqwiring.pl\/de\/rodo\/\" \/>\n<meta property=\"og:locale\" content=\"de_DE\" \/>\n<meta property=\"og:type\" content=\"article\" \/>\n<meta property=\"og:title\" content=\"RODO | AQ Wiring Systems STG\" \/>\n<meta property=\"og:description\" content=\"RODO i dokumenty AQ Wiring Systems STG Sp. z. o. o. Sprawd\u017a nasz\u0105 polityk\u0119 prywatno\u015bci, komunikaty dla Klient\u00f3w i kontrahent\u00f3w, informacja...\" \/>\n<meta property=\"og:url\" content=\"https:\/\/aqwiring.pl\/de\/rodo\/\" \/>\n<meta property=\"og:site_name\" content=\"AQ Wiring Systems STG\" \/>\n<meta property=\"article:publisher\" content=\"https:\/\/www.facebook.com\/people\/AQ-Linowiec\/100090749580004\/\" \/>\n<meta property=\"article:modified_time\" content=\"2024-07-03T15:07:25+00:00\" \/>\n<meta property=\"og:image\" content=\"https:\/\/aqwiring.pl\/wp-content\/uploads\/2024\/04\/aq-wiring-225x225-1.png\" \/>\n\t<meta property=\"og:image:width\" content=\"225\" \/>\n\t<meta property=\"og:image:height\" content=\"225\" \/>\n\t<meta property=\"og:image:type\" content=\"image\/png\" \/>\n<meta name=\"twitter:card\" content=\"summary_large_image\" \/>\n<meta name=\"twitter:title\" content=\"RODO | AQ Wiring Systems STG\" \/>\n<meta name=\"twitter:description\" content=\"RODO i dokumenty AQ Wiring Systems STG Sp. z. o. o. Sprawd\u017a nasz\u0105 polityk\u0119 prywatno\u015bci, komunikaty dla Klient\u00f3w i kontrahent\u00f3w, informacja...\" \/>\n<meta name=\"twitter:image\" content=\"https:\/\/aqwiring.pl\/wp-content\/uploads\/2024\/04\/aq-wiring-225x225-1.png\" \/>\n<meta name=\"twitter:label1\" content=\"Gesch\u00e4tzte Lesezeit\" \/>\n\t<meta name=\"twitter:data1\" content=\"1\u00a0Minute\" \/>\n<script type=\"application\/ld+json\" class=\"yoast-schema-graph\">{\"@context\":\"https:\/\/schema.org\",\"@graph\":[{\"@type\":\"WebPage\",\"@id\":\"https:\/\/aqwiring.pl\/rodo\/\",\"url\":\"https:\/\/aqwiring.pl\/rodo\/\",\"name\":\"RODO | AQ Wiring Systems STG\",\"isPartOf\":{\"@id\":\"https:\/\/aqwiring.pl\/#website\"},\"primaryImageOfPage\":{\"@id\":\"https:\/\/aqwiring.pl\/rodo\/#primaryimage\"},\"image\":{\"@id\":\"https:\/\/aqwiring.pl\/rodo\/#primaryimage\"},\"thumbnailUrl\":\"https:\/\/aqwiring.pl\/wp-content\/uploads\/2024\/04\/aq-wiring-225x225-1.png\",\"datePublished\":\"2024-04-25T15:39:27+00:00\",\"dateModified\":\"2024-07-03T15:07:25+00:00\",\"description\":\"RODO i dokumenty AQ Wiring Systems STG Sp. z. o. o. Sprawd\u017a nasz\u0105 polityk\u0119 prywatno\u015bci, komunikaty dla Klient\u00f3w i kontrahent\u00f3w, informacja...\",\"breadcrumb\":{\"@id\":\"https:\/\/aqwiring.pl\/rodo\/#breadcrumb\"},\"inLanguage\":\"de\",\"potentialAction\":[{\"@type\":\"ReadAction\",\"target\":[\"https:\/\/aqwiring.pl\/rodo\/\"]}]},{\"@type\":\"ImageObject\",\"inLanguage\":\"de\",\"@id\":\"https:\/\/aqwiring.pl\/rodo\/#primaryimage\",\"url\":\"https:\/\/aqwiring.pl\/wp-content\/uploads\/2024\/04\/aq-wiring-225x225-1.png\",\"contentUrl\":\"https:\/\/aqwiring.pl\/wp-content\/uploads\/2024\/04\/aq-wiring-225x225-1.png\",\"width\":225,\"height\":225,\"caption\":\"AQ Wiring Systems STG - produkcja, monta\u017c i przygotowanie system\u00f3w wi\u0105zek elektrycznych\"},{\"@type\":\"BreadcrumbList\",\"@id\":\"https:\/\/aqwiring.pl\/rodo\/#breadcrumb\",\"itemListElement\":[{\"@type\":\"ListItem\",\"position\":1,\"name\":\"Strona g\u0142\u00f3wna\",\"item\":\"https:\/\/aqwiring.pl\/\"},{\"@type\":\"ListItem\",\"position\":2,\"name\":\"RODO\"}]},{\"@type\":\"WebSite\",\"@id\":\"https:\/\/aqwiring.pl\/#website\",\"url\":\"https:\/\/aqwiring.pl\/\",\"name\":\"AQ Wiring Systems STG\",\"description\":\"Producent wi\u0105zek elektrycznych w Polsce\",\"publisher\":{\"@id\":\"https:\/\/aqwiring.pl\/#organization\"},\"alternateName\":\"AQ Wiring Systems\",\"potentialAction\":[{\"@type\":\"SearchAction\",\"target\":{\"@type\":\"EntryPoint\",\"urlTemplate\":\"https:\/\/aqwiring.pl\/?s={search_term_string}\"},\"query-input\":\"required name=search_term_string\"}],\"inLanguage\":\"de\"},{\"@type\":\"Organization\",\"@id\":\"https:\/\/aqwiring.pl\/#organization\",\"name\":\"AQ Wiring Systems STG Sp. z o. o.\",\"url\":\"https:\/\/aqwiring.pl\/\",\"logo\":{\"@type\":\"ImageObject\",\"inLanguage\":\"de\",\"@id\":\"https:\/\/aqwiring.pl\/#\/schema\/logo\/image\/\",\"url\":\"https:\/\/aqwiring.pl\/wp-content\/uploads\/2024\/04\/aq-wiring-225x225-1.png\",\"contentUrl\":\"https:\/\/aqwiring.pl\/wp-content\/uploads\/2024\/04\/aq-wiring-225x225-1.png\",\"width\":225,\"height\":225,\"caption\":\"AQ Wiring Systems STG Sp. z o. o.\"},\"image\":{\"@id\":\"https:\/\/aqwiring.pl\/#\/schema\/logo\/image\/\"},\"sameAs\":[\"https:\/\/www.facebook.com\/people\/AQ-Linowiec\/100090749580004\/\",\"https:\/\/pl.linkedin.com\/company\/aq-wiring-systems-stg\"]}]}<\/script>\n<!-- \/ Yoast SEO plugin. -->","yoast_head_json":{"title":"RODO | AQ Wiring Systems STG","description":"RODO i dokumenty AQ Wiring Systems STG Sp. z. o. o. Sprawd\u017a nasz\u0105 polityk\u0119 prywatno\u015bci, komunikaty dla Klient\u00f3w i kontrahent\u00f3w, informacja...","robots":{"index":"index","follow":"follow","max-snippet":"max-snippet:-1","max-image-preview":"max-image-preview:large","max-video-preview":"max-video-preview:-1"},"canonical":"https:\/\/aqwiring.pl\/de\/rodo\/","og_locale":"de_DE","og_type":"article","og_title":"RODO | AQ Wiring Systems STG","og_description":"RODO i dokumenty AQ Wiring Systems STG Sp. z. o. o. Sprawd\u017a nasz\u0105 polityk\u0119 prywatno\u015bci, komunikaty dla Klient\u00f3w i kontrahent\u00f3w, informacja...","og_url":"https:\/\/aqwiring.pl\/de\/rodo\/","og_site_name":"AQ Wiring Systems STG","article_publisher":"https:\/\/www.facebook.com\/people\/AQ-Linowiec\/100090749580004\/","article_modified_time":"2024-07-03T15:07:25+00:00","og_image":[{"width":225,"height":225,"url":"https:\/\/aqwiring.pl\/wp-content\/uploads\/2024\/04\/aq-wiring-225x225-1.png","type":"image\/png"}],"twitter_card":"summary_large_image","twitter_title":"RODO | AQ Wiring Systems STG","twitter_description":"RODO i dokumenty AQ Wiring Systems STG Sp. z. o. o. Sprawd\u017a nasz\u0105 polityk\u0119 prywatno\u015bci, komunikaty dla Klient\u00f3w i kontrahent\u00f3w, informacja...","twitter_image":"https:\/\/aqwiring.pl\/wp-content\/uploads\/2024\/04\/aq-wiring-225x225-1.png","twitter_misc":{"Gesch\u00e4tzte Lesezeit":"1\u00a0Minute"},"schema":{"@context":"https:\/\/schema.org","@graph":[{"@type":"WebPage","@id":"https:\/\/aqwiring.pl\/rodo\/","url":"https:\/\/aqwiring.pl\/rodo\/","name":"RODO | AQ Wiring Systems STG","isPartOf":{"@id":"https:\/\/aqwiring.pl\/#website"},"primaryImageOfPage":{"@id":"https:\/\/aqwiring.pl\/rodo\/#primaryimage"},"image":{"@id":"https:\/\/aqwiring.pl\/rodo\/#primaryimage"},"thumbnailUrl":"https:\/\/aqwiring.pl\/wp-content\/uploads\/2024\/04\/aq-wiring-225x225-1.png","datePublished":"2024-04-25T15:39:27+00:00","dateModified":"2024-07-03T15:07:25+00:00","description":"RODO i dokumenty AQ Wiring Systems STG Sp. z. o. o. Sprawd\u017a nasz\u0105 polityk\u0119 prywatno\u015bci, komunikaty dla Klient\u00f3w i kontrahent\u00f3w, informacja...","breadcrumb":{"@id":"https:\/\/aqwiring.pl\/rodo\/#breadcrumb"},"inLanguage":"de","potentialAction":[{"@type":"ReadAction","target":["https:\/\/aqwiring.pl\/rodo\/"]}]},{"@type":"ImageObject","inLanguage":"de","@id":"https:\/\/aqwiring.pl\/rodo\/#primaryimage","url":"https:\/\/aqwiring.pl\/wp-content\/uploads\/2024\/04\/aq-wiring-225x225-1.png","contentUrl":"https:\/\/aqwiring.pl\/wp-content\/uploads\/2024\/04\/aq-wiring-225x225-1.png","width":225,"height":225,"caption":"AQ Wiring Systems STG - produkcja, monta\u017c i przygotowanie system\u00f3w wi\u0105zek elektrycznych"},{"@type":"BreadcrumbList","@id":"https:\/\/aqwiring.pl\/rodo\/#breadcrumb","itemListElement":[{"@type":"ListItem","position":1,"name":"Strona g\u0142\u00f3wna","item":"https:\/\/aqwiring.pl\/"},{"@type":"ListItem","position":2,"name":"RODO"}]},{"@type":"WebSite","@id":"https:\/\/aqwiring.pl\/#website","url":"https:\/\/aqwiring.pl\/","name":"AQ Wiring Systems STG","description":"Producent wi\u0105zek elektrycznych w Polsce","publisher":{"@id":"https:\/\/aqwiring.pl\/#organization"},"alternateName":"AQ Wiring Systems","potentialAction":[{"@type":"SearchAction","target":{"@type":"EntryPoint","urlTemplate":"https:\/\/aqwiring.pl\/?s={search_term_string}"},"query-input":"required name=search_term_string"}],"inLanguage":"de"},{"@type":"Organization","@id":"https:\/\/aqwiring.pl\/#organization","name":"AQ Wiring Systems STG Sp. z o. o.","url":"https:\/\/aqwiring.pl\/","logo":{"@type":"ImageObject","inLanguage":"de","@id":"https:\/\/aqwiring.pl\/#\/schema\/logo\/image\/","url":"https:\/\/aqwiring.pl\/wp-content\/uploads\/2024\/04\/aq-wiring-225x225-1.png","contentUrl":"https:\/\/aqwiring.pl\/wp-content\/uploads\/2024\/04\/aq-wiring-225x225-1.png","width":225,"height":225,"caption":"AQ Wiring Systems STG Sp. z o. o."},"image":{"@id":"https:\/\/aqwiring.pl\/#\/schema\/logo\/image\/"},"sameAs":["https:\/\/www.facebook.com\/people\/AQ-Linowiec\/100090749580004\/","https:\/\/pl.linkedin.com\/company\/aq-wiring-systems-stg"]}]}},"_links":{"self":[{"href":"https:\/\/aqwiring.pl\/de\/wp-json\/wp\/v2\/pages\/146","targetHints":{"allow":["GET"]}}],"collection":[{"href":"https:\/\/aqwiring.pl\/de\/wp-json\/wp\/v2\/pages"}],"about":[{"href":"https:\/\/aqwiring.pl\/de\/wp-json\/wp\/v2\/types\/page"}],"author":[{"embeddable":true,"href":"https:\/\/aqwiring.pl\/de\/wp-json\/wp\/v2\/users\/1"}],"replies":[{"embeddable":true,"href":"https:\/\/aqwiring.pl\/de\/wp-json\/wp\/v2\/comments?post=146"}],"version-history":[{"count":23,"href":"https:\/\/aqwiring.pl\/de\/wp-json\/wp\/v2\/pages\/146\/revisions"}],"predecessor-version":[{"id":317,"href":"https:\/\/aqwiring.pl\/de\/wp-json\/wp\/v2\/pages\/146\/revisions\/317"}],"wp:featuredmedia":[{"embeddable":true,"href":"https:\/\/aqwiring.pl\/de\/wp-json\/wp\/v2\/media\/51"}],"wp:attachment":[{"href":"https:\/\/aqwiring.pl\/de\/wp-json\/wp\/v2\/media?parent=146"}],"curies":[{"name":"wp","href":"https:\/\/api.w.org\/{rel}","templated":true}]}}